{"id":1589,"date":"2025-05-08T11:13:42","date_gmt":"2025-05-08T11:13:42","guid":{"rendered":"https:\/\/komplexmedia.hu\/?page_id=1589"},"modified":"2025-05-14T15:29:03","modified_gmt":"2025-05-14T15:29:03","slug":"graphic-guide","status":"publish","type":"page","link":"https:\/\/komplex.rk-sandbox.hu\/eng\/grafikai-segedlet\/","title":{"rendered":"Graphics Guide"},"content":{"rendered":"<div data-elementor-type=\"wp-page\" data-elementor-id=\"1589\" class=\"elementor elementor-1589\" data-elementor-post-type=\"page\">\n\t\t\t\t<div class=\"elementor-element elementor-element-8175b17 e-flex e-con-boxed e-con e-parent\" data-id=\"8175b17\" data-element_type=\"container\" data-e-type=\"container\" data-settings=\"{&quot;background_background&quot;:&quot;classic&quot;}\">\n\t\t\t\t\t<div class=\"e-con-inner\">\n\t\t\t\t<div class=\"elementor-element elementor-element-200130e elementor-widget elementor-widget-heading\" data-id=\"200130e\" data-element_type=\"widget\" data-e-type=\"widget\" data-widget_type=\"heading.default\">\n\t\t\t\t<div class=\"elementor-widget-container\">\n\t\t\t\t\t<h1 class=\"elementor-heading-title elementor-size-default\">Graphics Guide<\/h1>\t\t\t\t<\/div>\n\t\t\t\t<\/div>\n\t\t\t\t\t<\/div>\n\t\t\t\t<\/div>\n\t\t<div class=\"elementor-element elementor-element-4f0c503 e-flex e-con-boxed e-con e-parent\" data-id=\"4f0c503\" data-element_type=\"container\" data-e-type=\"container\">\n\t\t\t\t\t<div class=\"e-con-inner\">\n\t\t<div class=\"elementor-element elementor-element-c729873 e-con-full e-flex e-con e-child\" data-id=\"c729873\" data-element_type=\"container\" data-e-type=\"container\">\n\t\t\t\t<div class=\"elementor-element elementor-element-80f161c elementor-widget elementor-widget-heading\" data-id=\"80f161c\" data-element_type=\"widget\" data-e-type=\"widget\" data-widget_type=\"heading.default\">\n\t\t\t\t<div class=\"elementor-widget-container\">\n\t\t\t\t\t<h2 class=\"elementor-heading-title elementor-size-default\">Preparation instructions and roll wind table<\/h2>\t\t\t\t<\/div>\n\t\t\t\t<\/div>\n\t\t\t\t<div class=\"elementor-element elementor-element-1e5f60a elementor-widget elementor-widget-text-editor\" data-id=\"1e5f60a\" data-element_type=\"widget\" data-e-type=\"widget\" data-widget_type=\"text-editor.default\">\n\t\t\t\t<div class=\"elementor-widget-container\">\n\t\t\t\t\t\t\t\t\t<p class=\"translation-block\" data-start=\"232\" data-end=\"423\">In order to ensure that your printed material is produced with the <strong>highest quality<\/strong>, in a <strong>smooth<\/strong> and <strong>efficient<\/strong> manner, <em><strong>please make sure to always follow the graphic and technical specifications below!<\/strong><\/em><\/p><p class=\"translation-block\" data-start=\"425\" data-end=\"667\">The guide includes <strong data-start=\"450\" data-end=\"478\">three detailed documents<\/strong> that thoroughly present the specifications required for <strong data-start=\"513\" data-end=\"526\">digital<\/strong> and <strong data-start=\"530\" data-end=\"552\">flexographic printing<\/strong>, and also contain the relevant <strong>winding information<\/strong>.<\/p>\t\t\t\t\t\t\t\t<\/div>\n\t\t\t\t<\/div>\n\t\t\t\t<div class=\"elementor-element elementor-element-4c7b9d3 elementor-position-inline-start elementor-view-default elementor-mobile-position-block-start elementor-widget elementor-widget-icon-box\" data-id=\"4c7b9d3\" data-element_type=\"widget\" data-e-type=\"widget\" data-widget_type=\"icon-box.default\">\n\t\t\t\t<div class=\"elementor-widget-container\">\n\t\t\t\t\t\t\t<div class=\"elementor-icon-box-wrapper\">\n\n\t\t\t\t\t\t<div class=\"elementor-icon-box-icon\">\n\t\t\t\t<span  class=\"elementor-icon\">\n\t\t\t\t<svg aria-hidden=\"true\" class=\"e-font-icon-svg e-fas-download\" viewbox=\"0 0 512 512\" xmlns=\"http:\/\/www.w3.org\/2000\/svg\"><path d=\"M216 0h80c13.3 0 24 10.7 24 24v168h87.7c17.8 0 26.7 21.5 14.1 34.1L269.7 378.3c-7.5 7.5-19.8 7.5-27.3 0L90.1 226.1c-12.6-12.6-3.7-34.1 14.1-34.1H192V24c0-13.3 10.7-24 24-24zm296 376v112c0 13.3-10.7 24-24 24H24c-13.3 0-24-10.7-24-24V376c0-13.3 10.7-24 24-24h146.7l49 49c20.1 20.1 52.5 20.1 72.6 0l49-49H488c13.3 0 24 10.7 24 24zm-124 88c0-11-9-20-20-20s-20 9-20 20 9 20 20 20 20-9 20-20zm64 0c0-11-9-20-20-20s-20 9-20 20 9 20 20 20 20-9 20-20z\"><\/path><\/svg>\t\t\t\t<\/span>\n\t\t\t<\/div>\n\t\t\t\n\t\t\t\t\t\t<div class=\"elementor-icon-box-content\">\n\n\t\t\t\t\t\t\t\t\t<h3 class=\"elementor-icon-box-title\">\n\t\t\t\t\t\t<span  >\n\t\t\t\t\t\t\tDownloadable documents:\t\t\t\t\t\t<\/span>\n\t\t\t\t\t<\/h3>\n\t\t\t\t\n\t\t\t\t\n\t\t\t<\/div>\n\t\t\t\n\t\t<\/div>\n\t\t\t\t\t\t<\/div>\n\t\t\t\t<\/div>\n\t\t\t\t<div class=\"elementor-element elementor-element-67c422d elementor-icon-list--layout-traditional elementor-list-item-link-full_width elementor-widget elementor-widget-icon-list\" data-id=\"67c422d\" data-element_type=\"widget\" data-e-type=\"widget\" data-widget_type=\"icon-list.default\">\n\t\t\t\t<div class=\"elementor-widget-container\">\n\t\t\t\t\t\t\t<ul class=\"elementor-icon-list-items\">\n\t\t\t\t\t\t\t<li class=\"elementor-icon-list-item\">\n\t\t\t\t\t\t\t\t\t\t\t<a href=\"https:\/\/komplexmedia.hu\/wp-content\/uploads\/2025\/05\/Komplex-Media-DIGITAL-Submission-Requirements-2025-V.pdf\">\n\n\t\t\t\t\t\t\t\t\t\t\t\t<span class=\"elementor-icon-list-icon\">\n\t\t\t\t\t\t\t<svg aria-hidden=\"true\" class=\"e-font-icon-svg e-far-file-pdf\" viewbox=\"0 0 384 512\" xmlns=\"http:\/\/www.w3.org\/2000\/svg\"><path d=\"M369.9 97.9L286 14C277 5 264.8-.1 252.1-.1H48C21.5 0 0 21.5 0 48v416c0 26.5 21.5 48 48 48h288c26.5 0 48-21.5 48-48V131.9c0-12.7-5.1-25-14.1-34zM332.1 128H256V51.9l76.1 76.1zM48 464V48h160v104c0 13.3 10.7 24 24 24h104v288H48zm250.2-143.7c-12.2-12-47-8.7-64.4-6.5-17.2-10.5-28.7-25-36.8-46.3 3.9-16.1 10.1-40.6 5.4-56-4.2-26.2-37.8-23.6-42.6-5.9-4.4 16.1-.4 38.5 7 67.1-10 23.9-24.9 56-35.4 74.4-20 10.3-47 26.2-51 46.2-3.3 15.8 26 55.2 76.1-31.2 22.4-7.4 46.8-16.5 68.4-20.1 18.9 10.2 41 17 55.8 17 25.5 0 28-28.2 17.5-38.7zm-198.1 77.8c5.1-13.7 24.5-29.5 30.4-35-19 30.3-30.4 35.7-30.4 35zm81.6-190.6c7.4 0 6.7 32.1 1.8 40.8-4.4-13.9-4.3-40.8-1.8-40.8zm-24.4 136.6c9.7-16.9 18-37 24.7-54.7 8.3 15.1 18.9 27.2 30.1 35.5-20.8 4.3-38.9 13.1-54.8 19.2zm131.6-5s-5 6-37.3-7.8c35.1-2.6 40.9 5.4 37.3 7.8z\"><\/path><\/svg>\t\t\t\t\t\t<\/span>\n\t\t\t\t\t\t\t\t\t\t<span class=\"elementor-icon-list-text\">Digital Printing Submission Requirements (PDF)<\/span>\n\t\t\t\t\t\t\t\t\t\t\t<\/a>\n\t\t\t\t\t\t\t\t\t<\/li>\n\t\t\t\t\t\t\t\t<li class=\"elementor-icon-list-item\">\n\t\t\t\t\t\t\t\t\t\t\t<a href=\"https:\/\/komplexmedia.hu\/wp-content\/uploads\/2025\/05\/Komplex-Media-FLEXO-Submission-Requirements-2025-V.pdf\">\n\n\t\t\t\t\t\t\t\t\t\t\t\t<span class=\"elementor-icon-list-icon\">\n\t\t\t\t\t\t\t<svg aria-hidden=\"true\" class=\"e-font-icon-svg e-far-file-pdf\" viewbox=\"0 0 384 512\" xmlns=\"http:\/\/www.w3.org\/2000\/svg\"><path d=\"M369.9 97.9L286 14C277 5 264.8-.1 252.1-.1H48C21.5 0 0 21.5 0 48v416c0 26.5 21.5 48 48 48h288c26.5 0 48-21.5 48-48V131.9c0-12.7-5.1-25-14.1-34zM332.1 128H256V51.9l76.1 76.1zM48 464V48h160v104c0 13.3 10.7 24 24 24h104v288H48zm250.2-143.7c-12.2-12-47-8.7-64.4-6.5-17.2-10.5-28.7-25-36.8-46.3 3.9-16.1 10.1-40.6 5.4-56-4.2-26.2-37.8-23.6-42.6-5.9-4.4 16.1-.4 38.5 7 67.1-10 23.9-24.9 56-35.4 74.4-20 10.3-47 26.2-51 46.2-3.3 15.8 26 55.2 76.1-31.2 22.4-7.4 46.8-16.5 68.4-20.1 18.9 10.2 41 17 55.8 17 25.5 0 28-28.2 17.5-38.7zm-198.1 77.8c5.1-13.7 24.5-29.5 30.4-35-19 30.3-30.4 35.7-30.4 35zm81.6-190.6c7.4 0 6.7 32.1 1.8 40.8-4.4-13.9-4.3-40.8-1.8-40.8zm-24.4 136.6c9.7-16.9 18-37 24.7-54.7 8.3 15.1 18.9 27.2 30.1 35.5-20.8 4.3-38.9 13.1-54.8 19.2zm131.6-5s-5 6-37.3-7.8c35.1-2.6 40.9 5.4 37.3 7.8z\"><\/path><\/svg>\t\t\t\t\t\t<\/span>\n\t\t\t\t\t\t\t\t\t\t<span class=\"elementor-icon-list-text\">Flexo print submission requirements (PDF)<\/span>\n\t\t\t\t\t\t\t\t\t\t\t<\/a>\n\t\t\t\t\t\t\t\t\t<\/li>\n\t\t\t\t\t\t\t\t<li class=\"elementor-icon-list-item\">\n\t\t\t\t\t\t\t\t\t\t\t<a href=\"https:\/\/komplexmedia.hu\/wp-content\/uploads\/2025\/05\/Komplex-Media-Roll-Wind-Guide-2025-V.pdf\">\n\n\t\t\t\t\t\t\t\t\t\t\t\t<span class=\"elementor-icon-list-icon\">\n\t\t\t\t\t\t\t<svg aria-hidden=\"true\" class=\"e-font-icon-svg e-far-file-pdf\" viewbox=\"0 0 384 512\" xmlns=\"http:\/\/www.w3.org\/2000\/svg\"><path d=\"M369.9 97.9L286 14C277 5 264.8-.1 252.1-.1H48C21.5 0 0 21.5 0 48v416c0 26.5 21.5 48 48 48h288c26.5 0 48-21.5 48-48V131.9c0-12.7-5.1-25-14.1-34zM332.1 128H256V51.9l76.1 76.1zM48 464V48h160v104c0 13.3 10.7 24 24 24h104v288H48zm250.2-143.7c-12.2-12-47-8.7-64.4-6.5-17.2-10.5-28.7-25-36.8-46.3 3.9-16.1 10.1-40.6 5.4-56-4.2-26.2-37.8-23.6-42.6-5.9-4.4 16.1-.4 38.5 7 67.1-10 23.9-24.9 56-35.4 74.4-20 10.3-47 26.2-51 46.2-3.3 15.8 26 55.2 76.1-31.2 22.4-7.4 46.8-16.5 68.4-20.1 18.9 10.2 41 17 55.8 17 25.5 0 28-28.2 17.5-38.7zm-198.1 77.8c5.1-13.7 24.5-29.5 30.4-35-19 30.3-30.4 35.7-30.4 35zm81.6-190.6c7.4 0 6.7 32.1 1.8 40.8-4.4-13.9-4.3-40.8-1.8-40.8zm-24.4 136.6c9.7-16.9 18-37 24.7-54.7 8.3 15.1 18.9 27.2 30.1 35.5-20.8 4.3-38.9 13.1-54.8 19.2zm131.6-5s-5 6-37.3-7.8c35.1-2.6 40.9 5.4 37.3 7.8z\"><\/path><\/svg>\t\t\t\t\t\t<\/span>\n\t\t\t\t\t\t\t\t\t\t<span class=\"elementor-icon-list-text\">Roll Winding table (PDF)<\/span>\n\t\t\t\t\t\t\t\t\t\t\t<\/a>\n\t\t\t\t\t\t\t\t\t<\/li>\n\t\t\t\t\t\t<\/ul>\n\t\t\t\t\t\t<\/div>\n\t\t\t\t<\/div>\n\t\t<div class=\"elementor-element elementor-element-96c8905 e-con-full e-flex e-con e-child\" data-id=\"96c8905\" data-element_type=\"container\" data-e-type=\"container\" data-settings=\"{&quot;background_background&quot;:&quot;classic&quot;}\">\n\t\t\t\t<div class=\"elementor-element elementor-element-4b29448 elementor-widget elementor-widget-text-editor\" data-id=\"4b29448\" data-element_type=\"widget\" data-e-type=\"widget\" data-widget_type=\"text-editor.default\">\n\t\t\t\t<div class=\"elementor-widget-container translation-block\">If you have any questions regarding file submission, or if you're unsure whether all requirements have been met, please <strong>feel free to contact us<\/strong>!<\/div>\n\t\t\t\t<\/div>\n\t\t\t\t<div class=\"elementor-element elementor-element-da20a0d elementor-icon-list--layout-traditional elementor-list-item-link-full_width elementor-widget elementor-widget-icon-list\" data-id=\"da20a0d\" data-element_type=\"widget\" data-e-type=\"widget\" data-widget_type=\"icon-list.default\">\n\t\t\t\t<div class=\"elementor-widget-container\">\n\t\t\t\t\t\t\t<ul class=\"elementor-icon-list-items\">\n\t\t\t\t\t\t\t<li class=\"elementor-icon-list-item\">\n\t\t\t\t\t\t\t\t\t\t\t<span class=\"elementor-icon-list-icon\">\n\t\t\t\t\t\t\t<svg aria-hidden=\"true\" class=\"e-font-icon-svg e-far-envelope\" viewbox=\"0 0 512 512\" xmlns=\"http:\/\/www.w3.org\/2000\/svg\"><path d=\"M464 64H48C21.49 64 0 85.49 0 112v288c0 26.51 21.49 48 48 48h416c26.51 0 48-21.49 48-48V112c0-26.51-21.49-48-48-48zm0 48v40.805c-22.422 18.259-58.168 46.651-134.587 106.49-16.841 13.247-50.201 45.072-73.413 44.701-23.208.375-56.579-31.459-73.413-44.701C106.18 199.465 70.425 171.067 48 152.805V112h416zM48 400V214.398c22.914 18.251 55.409 43.862 104.938 82.646 21.857 17.205 60.134 55.186 103.062 54.955 42.717.231 80.509-37.199 103.053-54.947 49.528-38.783 82.032-64.401 104.947-82.653V400H48z\"><\/path><\/svg>\t\t\t\t\t\t<\/span>\n\t\t\t\t\t\t\t\t\t\t<span class=\"elementor-icon-list-text\">E-mail: <a href=\"mailto:info@komplexmedia.hu\">info@komplexmedia.hu<\/a><\/span>\n\t\t\t\t\t\t\t\t\t<\/li>\n\t\t\t\t\t\t\t\t<li class=\"elementor-icon-list-item\">\n\t\t\t\t\t\t\t\t\t\t\t<span class=\"elementor-icon-list-icon\">\n\t\t\t\t\t\t\t<svg aria-hidden=\"true\" class=\"e-font-icon-svg e-fas-phone-alt\" viewbox=\"0 0 512 512\" xmlns=\"http:\/\/www.w3.org\/2000\/svg\"><path d=\"M497.39 361.8l-112-48a24 24 0 0 0-28 6.9l-49.6 60.6A370.66 370.66 0 0 1 130.6 204.11l60.6-49.6a23.94 23.94 0 0 0 6.9-28l-48-112A24.16 24.16 0 0 0 122.6.61l-104 24A24 24 0 0 0 0 48c0 256.5 207.9 464 464 464a24 24 0 0 0 23.4-18.6l24-104a24.29 24.29 0 0 0-14.01-27.6z\"><\/path><\/svg>\t\t\t\t\t\t<\/span>\n\t\t\t\t\t\t\t\t\t\t<span class=\"elementor-icon-list-text\">Phone number <a href=\"tel:+3682529800\">+36 (82) 529 800<\/a><\/span>\n\t\t\t\t\t\t\t\t\t<\/li>\n\t\t\t\t\t\t<\/ul>\n\t\t\t\t\t\t<\/div>\n\t\t\t\t<\/div>\n\t\t\t\t<\/div>\n\t\t\t\t<\/div>\n\t\t<div class=\"elementor-element elementor-element-75f845f e-con-full e-flex e-con e-child\" data-id=\"75f845f\" data-element_type=\"container\" data-e-type=\"container\">\n\t\t\t\t<div class=\"elementor-element elementor-element-5fd1aa5 elementor-widget elementor-widget-image\" data-id=\"5fd1aa5\" data-element_type=\"widget\" data-e-type=\"widget\" data-widget_type=\"image.default\">\n\t\t\t\t<div class=\"elementor-widget-container\">\n\t\t\t\t\t\t\t\t\t\t\t\t\t\t\t<img fetchpriority=\"high\" decoding=\"async\" width=\"1000\" height=\"667\" src=\"https:\/\/komplex.rk-sandbox.hu\/wp-content\/uploads\/2025\/05\/26589-1.webp\" class=\"attachment-large size-large wp-image-1514\" alt=\"\" srcset=\"https:\/\/komplex.rk-sandbox.hu\/wp-content\/uploads\/2025\/05\/26589-1.webp 1000w, https:\/\/komplex.rk-sandbox.hu\/wp-content\/uploads\/2025\/05\/26589-1-700x467.webp 700w, https:\/\/komplex.rk-sandbox.hu\/wp-content\/uploads\/2025\/05\/26589-1-768x512.webp 768w, https:\/\/komplex.rk-sandbox.hu\/wp-content\/uploads\/2025\/05\/26589-1-18x12.webp 18w\" sizes=\"(max-width: 1000px) 100vw, 1000px\" \/>\t\t\t\t\t\t\t\t\t\t\t\t\t\t\t<\/div>\n\t\t\t\t<\/div>\n\t\t\t\t<\/div>\n\t\t\t\t\t<\/div>\n\t\t\t\t<\/div>\n\t\t\t\t<\/div>","protected":false},"excerpt":{"rendered":"<p>Grafikai seg\u00e9dlet El\u0151k\u00e9sz\u00edt\u00e9si \u00fatmutat\u00f3k \u00e9s tekercsel\u00e9si t\u00e1bl\u00e1zat Annak \u00e9rdek\u00e9ben, hogy nyomdai anyaga a lehet\u0151 legmagasabb min\u0151s\u00e9gben, z\u00f6kken\u0151mentesen \u00e9s hat\u00e9konyan k\u00e9sz\u00fclj\u00f6n [&hellip;]<\/p>\n","protected":false},"author":1,"featured_media":0,"parent":0,"menu_order":0,"comment_status":"closed","ping_status":"closed","template":"","meta":{"site-sidebar-layout":"no-sidebar","site-content-layout":"","ast-site-content-layout":"full-width-container","site-content-style":"default","site-sidebar-style":"default","ast-global-header-display":"","ast-banner-title-visibility":"","ast-main-header-display":"","ast-hfb-above-header-display":"","ast-hfb-below-header-display":"","ast-hfb-mobile-header-display":"","site-post-title":"disabled","ast-breadcrumbs-content":"","ast-featured-img":"disabled","footer-sml-layout":"","ast-disable-related-posts":"","theme-transparent-header-meta":"","adv-header-id-meta":"","stick-header-meta":"","header-above-stick-meta":"","header-main-stick-meta":"","header-below-stick-meta":"","astra-migrate-meta-layouts":"default","ast-page-background-enabled":"default","ast-page-background-meta":{"desktop":{"background-color":"var(--ast-global-color-4)","background-image":"","background-repeat":"repeat","background-position":"center center","background-size":"auto","background-attachment":"scroll","background-type":"","background-media":"","overlay-type":"","overlay-color":"","overlay-opacity":"","overlay-gradient":""},"tablet":{"background-color":"","background-image":"","background-repeat":"repeat","background-position":"center center","background-size":"auto","background-attachment":"scroll","background-type":"","background-media":"","overlay-type":"","overlay-color":"","overlay-opacity":"","overlay-gradient":""},"mobile":{"background-color":"","background-image":"","background-repeat":"repeat","background-position":"center center","background-size":"auto","background-attachment":"scroll","background-type":"","background-media":"","overlay-type":"","overlay-color":"","overlay-opacity":"","overlay-gradient":""}},"ast-content-background-meta":{"desktop":{"background-color":"var(--ast-global-color-5)","background-image":"","background-repeat":"repeat","background-position":"center center","background-size":"auto","background-attachment":"scroll","background-type":"","background-media":"","overlay-type":"","overlay-color":"","overlay-opacity":"","overlay-gradient":""},"tablet":{"background-color":"var(--ast-global-color-5)","background-image":"","background-repeat":"repeat","background-position":"center center","background-size":"auto","background-attachment":"scroll","background-type":"","background-media":"","overlay-type":"","overlay-color":"","overlay-opacity":"","overlay-gradient":""},"mobile":{"background-color":"var(--ast-global-color-5)","background-image":"","background-repeat":"repeat","background-position":"center center","background-size":"auto","background-attachment":"scroll","background-type":"","background-media":"","overlay-type":"","overlay-color":"","overlay-opacity":"","overlay-gradient":""}},"footnotes":""},"class_list":["post-1589","page","type-page","status-publish","hentry"],"yoast_head":"<!-- This site is optimized with the Yoast SEO Premium plugin v27.6 (Yoast SEO v27.6) - https:\/\/yoast.com\/product\/yoast-seo-premium-wordpress\/ -->\n<title>Grafikai seg\u00e9dlet &#187; Komplex Print Kft.<\/title>\n<meta name=\"robots\" content=\"noindex, follow, max-snippet:-1, max-image-preview:large, max-video-preview:-1\" \/>\n<meta property=\"og:locale\" content=\"en_GB\" \/>\n<meta property=\"og:type\" content=\"article\" \/>\n<meta property=\"og:title\" content=\"Grafikai seg\u00e9dlet &#187; Komplex Print Kft.\" \/>\n<meta property=\"og:description\" content=\"A Komplex M\u00e9dia Kft. t\u00f6bb mint 20 \u00e9ves nyomdaipari tapasztalattal rendelkezik, f\u0151 profilja a tekercses c\u00edmk\u00e9k \u00e9s hajl\u00e9konyfal\u00fa csomagol\u00f3anyagok gy\u00e1rt\u00e1sa.\" \/>\n<meta property=\"og:url\" content=\"https:\/\/komplex.rk-sandbox.hu\/eng\/graphic-guide\/\" \/>\n<meta property=\"og:site_name\" content=\"Komplex Print Kft.\" \/>\n<meta property=\"article:publisher\" content=\"https:\/\/www.facebook.com\/komplexmediakft?locale=hu_HU\" \/>\n<meta property=\"article:modified_time\" content=\"2025-05-14T15:29:03+00:00\" \/>\n<meta property=\"og:image\" content=\"https:\/\/komplexmedia.hu\/wp-content\/uploads\/2025\/05\/26589-1.webp\" \/>\n<meta name=\"twitter:card\" content=\"summary_large_image\" \/>\n<meta name=\"twitter:label1\" content=\"Estimated reading time\" \/>\n\t<meta name=\"twitter:data1\" content=\"1 minute\" \/>\n<script type=\"application\/ld+json\" class=\"yoast-schema-graph\">{\"@context\":\"https:\\\/\\\/schema.org\",\"@graph\":[{\"@type\":\"WebPage\",\"@id\":\"https:\\\/\\\/komplex.rk-sandbox.hu\\\/eng\\\/graphic-guide\\\/\",\"url\":\"https:\\\/\\\/komplex.rk-sandbox.hu\\\/eng\\\/graphic-guide\\\/\",\"name\":\"Grafikai seg\u00e9dlet &#187; Komplex Print Kft.\",\"isPartOf\":{\"@id\":\"https:\\\/\\\/komplex.rk-sandbox.hu\\\/#website\"},\"primaryImageOfPage\":{\"@id\":\"https:\\\/\\\/komplex.rk-sandbox.hu\\\/eng\\\/graphic-guide\\\/#primaryimage\"},\"image\":{\"@id\":\"https:\\\/\\\/komplex.rk-sandbox.hu\\\/eng\\\/graphic-guide\\\/#primaryimage\"},\"thumbnailUrl\":\"https:\\\/\\\/komplexmedia.hu\\\/wp-content\\\/uploads\\\/2025\\\/05\\\/26589-1.webp\",\"datePublished\":\"2025-05-08T11:13:42+00:00\",\"dateModified\":\"2025-05-14T15:29:03+00:00\",\"breadcrumb\":{\"@id\":\"https:\\\/\\\/komplex.rk-sandbox.hu\\\/eng\\\/graphic-guide\\\/#breadcrumb\"},\"inLanguage\":\"en-GB\",\"potentialAction\":[{\"@type\":\"ReadAction\",\"target\":[\"https:\\\/\\\/komplex.rk-sandbox.hu\\\/eng\\\/graphic-guide\\\/\"]}]},{\"@type\":\"ImageObject\",\"inLanguage\":\"en-GB\",\"@id\":\"https:\\\/\\\/komplex.rk-sandbox.hu\\\/eng\\\/graphic-guide\\\/#primaryimage\",\"url\":\"https:\\\/\\\/komplexmedia.hu\\\/wp-content\\\/uploads\\\/2025\\\/05\\\/26589-1.webp\",\"contentUrl\":\"https:\\\/\\\/komplexmedia.hu\\\/wp-content\\\/uploads\\\/2025\\\/05\\\/26589-1.webp\"},{\"@type\":\"BreadcrumbList\",\"@id\":\"https:\\\/\\\/komplex.rk-sandbox.hu\\\/eng\\\/graphic-guide\\\/#breadcrumb\",\"itemListElement\":[{\"@type\":\"ListItem\",\"position\":1,\"name\":\"Kezd\u0151lap\",\"item\":\"https:\\\/\\\/komplex.rk-sandbox.hu\\\/eng\\\/\"},{\"@type\":\"ListItem\",\"position\":2,\"name\":\"Grafikai seg\u00e9dlet\"}]},{\"@type\":\"WebSite\",\"@id\":\"https:\\\/\\\/komplex.rk-sandbox.hu\\\/#website\",\"url\":\"https:\\\/\\\/komplex.rk-sandbox.hu\\\/\",\"name\":\"Komplex M\u00e9dia Kft.\",\"description\":\"\u201eLehet n\u00e9lk\u00fcl\u00fcnk, de vel\u00fcnk egyszer\u0171bb.\u201d\",\"publisher\":{\"@id\":\"https:\\\/\\\/komplex.rk-sandbox.hu\\\/#organization\"},\"potentialAction\":[{\"@type\":\"SearchAction\",\"target\":{\"@type\":\"EntryPoint\",\"urlTemplate\":\"https:\\\/\\\/komplex.rk-sandbox.hu\\\/?s={search_term_string}\"},\"query-input\":{\"@type\":\"PropertyValueSpecification\",\"valueRequired\":true,\"valueName\":\"search_term_string\"}}],\"inLanguage\":\"en-GB\"},{\"@type\":\"Organization\",\"@id\":\"https:\\\/\\\/komplex.rk-sandbox.hu\\\/#organization\",\"name\":\"Komplex M\u00e9dia Kft.\",\"alternateName\":\"Komplex M\u00e9dia Kft.\",\"url\":\"https:\\\/\\\/komplex.rk-sandbox.hu\\\/\",\"logo\":{\"@type\":\"ImageObject\",\"inLanguage\":\"en-GB\",\"@id\":\"https:\\\/\\\/komplex.rk-sandbox.hu\\\/#\\\/schema\\\/logo\\\/image\\\/\",\"url\":\"https:\\\/\\\/komplex.rk-sandbox.hu\\\/wp-content\\\/uploads\\\/2026\\\/03\\\/komplex_logo-1.webp\",\"contentUrl\":\"https:\\\/\\\/komplex.rk-sandbox.hu\\\/wp-content\\\/uploads\\\/2026\\\/03\\\/komplex_logo-1.webp\",\"width\":525,\"height\":328,\"caption\":\"Komplex M\u00e9dia Kft.\"},\"image\":{\"@id\":\"https:\\\/\\\/komplex.rk-sandbox.hu\\\/#\\\/schema\\\/logo\\\/image\\\/\"},\"sameAs\":[\"https:\\\/\\\/www.facebook.com\\\/komplexmediakft?locale=hu_HU\",\"https:\\\/\\\/www.youtube.com\\\/channel\\\/UC9LHFZbDnvcHcQrbCB5LpEA\",\"https:\\\/\\\/www.instagram.com\\\/komplexmedia\"],\"description\":\"Amennyiben gyors \u00e9s megb\u00edzhat\u00f3 szakemberekre b\u00edzn\u00e1 a term\u00e9k\u00e9t megfelel\u0151 \u00e1ron, \u00d6nnek a Mi nyomd\u00e1nk a legjobb v\u00e1laszt\u00e1s.\",\"email\":\"info@komplexmedia.hu\",\"telephone\":\"+368252220800\"}]}<\/script>\n<!-- \/ Yoast SEO Premium plugin. -->","yoast_head_json":{"title":"Grafikai seg\u00e9dlet &#187; Komplex Print Kft.","robots":{"index":"noindex","follow":"follow","max-snippet":"max-snippet:-1","max-image-preview":"max-image-preview:large","max-video-preview":"max-video-preview:-1"},"og_locale":"en_GB","og_type":"article","og_title":"Grafikai seg\u00e9dlet &#187; Komplex Print Kft.","og_description":"A Komplex M\u00e9dia Kft. t\u00f6bb mint 20 \u00e9ves nyomdaipari tapasztalattal rendelkezik, f\u0151 profilja a tekercses c\u00edmk\u00e9k \u00e9s hajl\u00e9konyfal\u00fa csomagol\u00f3anyagok gy\u00e1rt\u00e1sa.","og_url":"https:\/\/komplex.rk-sandbox.hu\/eng\/graphic-guide\/","og_site_name":"Komplex Print Kft.","article_publisher":"https:\/\/www.facebook.com\/komplexmediakft?locale=hu_HU","article_modified_time":"2025-05-14T15:29:03+00:00","og_image":[{"url":"https:\/\/komplexmedia.hu\/wp-content\/uploads\/2025\/05\/26589-1.webp","type":"","width":"","height":""}],"twitter_card":"summary_large_image","twitter_misc":{"Estimated reading time":"1 minute"},"schema":{"@context":"https:\/\/schema.org","@graph":[{"@type":"WebPage","@id":"https:\/\/komplex.rk-sandbox.hu\/eng\/graphic-guide\/","url":"https:\/\/komplex.rk-sandbox.hu\/eng\/graphic-guide\/","name":"Grafikai seg\u00e9dlet &#187; Komplex Print Kft.","isPartOf":{"@id":"https:\/\/komplex.rk-sandbox.hu\/#website"},"primaryImageOfPage":{"@id":"https:\/\/komplex.rk-sandbox.hu\/eng\/graphic-guide\/#primaryimage"},"image":{"@id":"https:\/\/komplex.rk-sandbox.hu\/eng\/graphic-guide\/#primaryimage"},"thumbnailUrl":"https:\/\/komplexmedia.hu\/wp-content\/uploads\/2025\/05\/26589-1.webp","datePublished":"2025-05-08T11:13:42+00:00","dateModified":"2025-05-14T15:29:03+00:00","breadcrumb":{"@id":"https:\/\/komplex.rk-sandbox.hu\/eng\/graphic-guide\/#breadcrumb"},"inLanguage":"en-GB","potentialAction":[{"@type":"ReadAction","target":["https:\/\/komplex.rk-sandbox.hu\/eng\/graphic-guide\/"]}]},{"@type":"ImageObject","inLanguage":"en-GB","@id":"https:\/\/komplex.rk-sandbox.hu\/eng\/graphic-guide\/#primaryimage","url":"https:\/\/komplexmedia.hu\/wp-content\/uploads\/2025\/05\/26589-1.webp","contentUrl":"https:\/\/komplexmedia.hu\/wp-content\/uploads\/2025\/05\/26589-1.webp"},{"@type":"BreadcrumbList","@id":"https:\/\/komplex.rk-sandbox.hu\/eng\/graphic-guide\/#breadcrumb","itemListElement":[{"@type":"ListItem","position":1,"name":"Kezd\u0151lap","item":"https:\/\/komplex.rk-sandbox.hu\/eng\/"},{"@type":"ListItem","position":2,"name":"Grafikai seg\u00e9dlet"}]},{"@type":"WebSite","@id":"https:\/\/komplex.rk-sandbox.hu\/#website","url":"https:\/\/komplex.rk-sandbox.hu\/","name":"Komplex M\u00e9dia Ltd.","description":"\"It can be without us, but it's easier with us.\"","publisher":{"@id":"https:\/\/komplex.rk-sandbox.hu\/#organization"},"potentialAction":[{"@type":"SearchAction","target":{"@type":"EntryPoint","urlTemplate":"https:\/\/komplex.rk-sandbox.hu\/?s={search_term_string}"},"query-input":{"@type":"PropertyValueSpecification","valueRequired":true,"valueName":"search_term_string"}}],"inLanguage":"en-GB"},{"@type":"Organization","@id":"https:\/\/komplex.rk-sandbox.hu\/#organization","name":"Komplex M\u00e9dia Ltd.","alternateName":"Komplex M\u00e9dia Kft.","url":"https:\/\/komplex.rk-sandbox.hu\/","logo":{"@type":"ImageObject","inLanguage":"en-GB","@id":"https:\/\/komplex.rk-sandbox.hu\/#\/schema\/logo\/image\/","url":"https:\/\/komplex.rk-sandbox.hu\/wp-content\/uploads\/2026\/03\/komplex_logo-1.webp","contentUrl":"https:\/\/komplex.rk-sandbox.hu\/wp-content\/uploads\/2026\/03\/komplex_logo-1.webp","width":525,"height":328,"caption":"Komplex M\u00e9dia Kft."},"image":{"@id":"https:\/\/komplex.rk-sandbox.hu\/#\/schema\/logo\/image\/"},"sameAs":["https:\/\/www.facebook.com\/komplexmediakft?locale=hu_HU","https:\/\/www.youtube.com\/channel\/UC9LHFZbDnvcHcQrbCB5LpEA","https:\/\/www.instagram.com\/komplexmedia"],"description":"If you want to entrust your product to fast and reliable professionals at the right price, Our Printing Company is the best choice for you.","email":"info@komplexmedia.hu","telephone":"+368252220800"}]}},"_links":{"self":[{"href":"https:\/\/komplex.rk-sandbox.hu\/eng\/wp-json\/wp\/v2\/pages\/1589","targetHints":{"allow":["GET"]}}],"collection":[{"href":"https:\/\/komplex.rk-sandbox.hu\/eng\/wp-json\/wp\/v2\/pages"}],"about":[{"href":"https:\/\/komplex.rk-sandbox.hu\/eng\/wp-json\/wp\/v2\/types\/page"}],"author":[{"embeddable":true,"href":"https:\/\/komplex.rk-sandbox.hu\/eng\/wp-json\/wp\/v2\/users\/1"}],"replies":[{"embeddable":true,"href":"https:\/\/komplex.rk-sandbox.hu\/eng\/wp-json\/wp\/v2\/comments?post=1589"}],"version-history":[{"count":0,"href":"https:\/\/komplex.rk-sandbox.hu\/eng\/wp-json\/wp\/v2\/pages\/1589\/revisions"}],"wp:attachment":[{"href":"https:\/\/komplex.rk-sandbox.hu\/eng\/wp-json\/wp\/v2\/media?parent=1589"}],"curies":[{"name":"wp","href":"https:\/\/api.w.org\/{rel}","templated":true}]}}